{"id":27572,"date":"2026-03-16T15:52:15","date_gmt":"2026-03-16T14:52:15","guid":{"rendered":"https:\/\/bacasable1.webanalyste.com\/fr\/?page_id=27572"},"modified":"2026-03-31T02:04:32","modified_gmt":"2026-03-31T01:04:32","slug":"test","status":"publish","type":"page","link":"https:\/\/bacasable1.webanalyste.com\/fr\/test\/","title":{"rendered":"test"},"content":{"rendered":"\n<div class=\"wai-test-container\" id=\"wai-test-app\"\n     data-test-id=\"2\"\n     data-question-count=\"15\"\n     data-max-duration=\"450\"\n     data-id-policy=\"none\">\n\n    <!-- \u00c9cran 1 : Accueil -->\n    <div class=\"wai-screen wai-screen-active\" data-screen=\"welcome\">\n        <div class=\"wai-card\">\n            <h2 class=\"wai-test-title\">[Tester niveau] Google Analytics<\/h2>\n\n            <div class=\"wai-test-info\">\n                <div class=\"wai-info-item\">\n                    <span class=\"wai-icon\">\ud83c\udfaf<\/span>\n                    <div>\n                        <strong>Objectif<\/strong>\n                        <p>\u00c9valuer le niveau<\/p>\n                    <\/div>\n                <\/div>\n\n                <div class=\"wai-info-item\">\n                    <span class=\"wai-icon\">\u23f1\ufe0f<\/span>\n                    <div>\n                        <strong>Dur\u00e9e estim\u00e9e<\/strong>\n                        <p>~5 minutes<\/p>\n                    <\/div>\n                <\/div>\n\n                <div class=\"wai-info-item\">\n                    <span class=\"wai-icon\">\ud83d\udcdd<\/span>\n                    <div>\n                        <strong>Questions<\/strong>\n                        <p>15 questions adaptatives<\/p>\n                    <\/div>\n                <\/div>\n\n                <div class=\"wai-info-item\">\n                    <span class=\"wai-icon\">\ud83d\udcca<\/span>\n                    <div>\n                        <strong>R\u00e9sultat<\/strong>\n                        <p>Score + Niveau + Synth\u00e8se personnalis\u00e9e<\/p>\n                    <\/div>\n                <\/div>\n            <\/div>\n\n            \n            <button class=\"wai-btn wai-btn-primary wai-btn-large\" id=\"wai-start-btn\">\n                Commencer le test \u2192\n            <\/button>\n        <\/div>\n    <\/div>\n\n    <!-- \u00c9cran 2 : Identification -->\n    \n    <!-- \u00c9cran 3 : \u00c9valuation -->\n    <div class=\"wai-screen\" data-screen=\"evaluation\">\n        <div class=\"wai-progress-bar\">\n            <div class=\"wai-progress-fill\" id=\"wai-progress-fill\" style=\"width: 0%\"><\/div>\n        <\/div>\n\n        <div class=\"wai-progress-text\">\n            Question <span id=\"wai-current-question\">1<\/span> sur <span id=\"wai-total-questions\">15<\/span>\n        <\/div>\n\n        <div class=\"wai-card\">\n            <div class=\"wai-question-container\" id=\"wai-question-container\">\n                <h3 class=\"wai-question-text\" id=\"wai-question-text\"><\/h3>\n\n                <div class=\"wai-options\" id=\"wai-options-container\"><\/div>\n\n                <div class=\"wai-answer-error wai-hidden\" id=\"wai-answer-error\"><\/div>\n\n                <button class=\"wai-btn wai-btn-primary wai-btn-large\" id=\"wai-validate-answer\" disabled>\n                    Valider ma r\u00e9ponse\n                <\/button>\n            <\/div>\n\n            <div class=\"wai-loading wai-hidden\" id=\"wai-loading-next\">\n                <div class=\"wai-spinner\"><\/div>\n                <p>G\u00e9n\u00e9ration de la question suivante...<\/p>\n            <\/div>\n        <\/div>\n    <\/div>\n\n    <!-- \u00c9cran 4 : Traitement -->\n    <div class=\"wai-screen\" data-screen=\"processing\">\n        <div class=\"wai-card wai-text-center\">\n            <div class=\"wai-processing-animation\">\n                <div class=\"wai-spinner-large\"><\/div>\n            <\/div>\n\n            <h2>Analyse de vos r\u00e9ponses en cours...<\/h2>\n            <p class=\"wai-subtitle\">Calcul de votre score et g\u00e9n\u00e9ration de votre synth\u00e8se personnalis\u00e9e<\/p>\n\n            <div class=\"wai-processing-steps\">\n                <div class=\"wai-step-item wai-step-done\" id=\"wai-step-1\">\n                    <span class=\"wai-step-icon\">\u2713<\/span>\n                    <span>Analyse des r\u00e9ponses<\/span>\n                <\/div>\n                <div class=\"wai-step-item wai-step-active\" id=\"wai-step-2\">\n                    <span class=\"wai-step-icon\">\u27f3<\/span>\n                    <span>Calcul du niveau<\/span>\n                <\/div>\n                <div class=\"wai-step-item\" id=\"wai-step-3\">\n                    <span class=\"wai-step-icon\">\u25cb<\/span>\n                    <span>G\u00e9n\u00e9ration de la synth\u00e8se<\/span>\n                <\/div>\n            <\/div>\n        <\/div>\n    <\/div>\n\n    <!-- \u00c9cran 5 : R\u00e9sultat -->\n    <div class=\"wai-screen\" data-screen=\"result\">\n        <div class=\"wai-card\">\n            <div class=\"wai-result-header\">\n                <h2>\u2713 Test termin\u00e9 !<\/h2>\n                <p class=\"wai-subtitle\">Voici vos r\u00e9sultats<\/p>\n            <\/div>\n\n            <div class=\"wai-result-score\">\n                <div class=\"wai-score-circle\">\n                    <svg viewBox=\"0 0 100 100\">\n                        <circle cx=\"50\" cy=\"50\" r=\"45\" fill=\"none\" stroke=\"#e0e0e0\" stroke-width=\"8\"\/>\n                        <circle cx=\"50\" cy=\"50\" r=\"45\" fill=\"none\" stroke=\"#4CAF50\" stroke-width=\"8\"\n                                stroke-dasharray=\"283\" stroke-dashoffset=\"283\"\n                                transform=\"rotate(-90 50 50)\" id=\"wai-score-arc\"\/>\n                    <\/svg>\n                    <div class=\"wai-score-value\">\n                        <span class=\"wai-score-number\" id=\"wai-score-number\">-<\/span>\n                        <span class=\"wai-score-total\">%<\/span>\n                    <\/div>\n                <\/div>\n\n                <div class=\"wai-level-badge\" id=\"wai-level-badge\">\n                    <span class=\"wai-level-icon\">\ud83c\udfaf<\/span>\n                    <span class=\"wai-level-text\" id=\"wai-level-text\">-<\/span>\n                <\/div>\n            <\/div>\n\n            <div class=\"wai-synthesis\" id=\"wai-synthesis\">\n                <h3>\ud83d\udcca Votre synth\u00e8se personnalis\u00e9e<\/h3>\n                <div class=\"wai-synthesis-content\" id=\"wai-synthesis-content\">\n                    <p>Chargement de votre synth\u00e8se...<\/p>\n                <\/div>\n            <\/div>\n\n            <div class=\"wai-result-actions\">\n                <button class=\"wai-btn wai-btn-secondary\" onclick=\"window.print()\">\n                    \ud83d\udcc4 T\u00e9l\u00e9charger les r\u00e9sultats\n                <\/button>\n                <button class=\"wai-btn wai-btn-primary\" onclick=\"location.reload()\">\n                    \ud83d\udd04 Passer un nouveau test\n                <\/button>\n            <\/div>\n        <\/div>\n    <\/div>\n\n    <!-- Erreur g\u00e9n\u00e9rale -->\n    <div class=\"wai-screen\" data-screen=\"error\">\n        <div class=\"wai-card wai-text-center\">\n            <h2>\u26a0 Une erreur s'est produite<\/h2>\n            <p id=\"wai-error-message\">Veuillez r\u00e9essayer ou contacter l'administrateur.<\/p>\n            <button class=\"wai-btn wai-btn-secondary\" onclick=\"location.reload()\">\n                R\u00e9essayer\n            <\/button>\n        <\/div>\n    <\/div>\n<\/div>\n\n","protected":false},"excerpt":{"rendered":"","protected":false},"author":1,"featured_media":0,"parent":0,"menu_order":0,"comment_status":"closed","ping_status":"closed","template":"","meta":{"footnotes":""},"class_list":["post-27572","page","type-page","status-publish","hentry"],"yoast_head":"<!-- This site is optimized with the Yoast SEO plugin v27.6 - https:\/\/yoast.com\/product\/yoast-seo-wordpress\/ -->\n<title>test<\/title>\n<meta name=\"robots\" content=\"noindex, follow, max-snippet:-1, max-image-preview:large, max-video-preview:-1\" \/>\n<meta property=\"og:locale\" content=\"fr_FR\" \/>\n<meta property=\"og:locale:alternate\" content=\"en_GB\" \/>\n<meta property=\"og:type\" content=\"article\" \/>\n<meta property=\"og:title\" content=\"test\" \/>\n<meta property=\"og:url\" content=\"https:\/\/bacasable1.webanalyste.com\/fr\/test\/\" \/>\n<meta property=\"og:site_name\" content=\"webAnalyste&#039;s training\" \/>\n<meta property=\"article:modified_time\" content=\"2026-03-31T01:04:32+00:00\" \/>\n<meta name=\"twitter:card\" content=\"summary_large_image\" \/>\n<meta name=\"twitter:label1\" content=\"Dur\u00e9e de lecture estim\u00e9e\" \/>\n\t<meta name=\"twitter:data1\" content=\"1 minute\" \/>\n<script type=\"application\/ld+json\" class=\"yoast-schema-graph\">{\"@context\":\"https:\\\/\\\/schema.org\",\"@graph\":[{\"@type\":\"WebPage\",\"@id\":\"https:\\\/\\\/bacasable1.webanalyste.com\\\/fr\\\/test\\\/\",\"url\":\"https:\\\/\\\/bacasable1.webanalyste.com\\\/fr\\\/test\\\/\",\"name\":\"test\",\"isPartOf\":{\"@id\":\"https:\\\/\\\/bacasable1.webanalyste.com\\\/#website\"},\"datePublished\":\"2026-03-16T14:52:15+00:00\",\"dateModified\":\"2026-03-31T01:04:32+00:00\",\"breadcrumb\":{\"@id\":\"https:\\\/\\\/bacasable1.webanalyste.com\\\/fr\\\/test\\\/#breadcrumb\"},\"inLanguage\":\"fr-FR\",\"potentialAction\":[{\"@type\":\"ReadAction\",\"target\":[\"https:\\\/\\\/bacasable1.webanalyste.com\\\/fr\\\/test\\\/\"]}]},{\"@type\":\"BreadcrumbList\",\"@id\":\"https:\\\/\\\/bacasable1.webanalyste.com\\\/fr\\\/test\\\/#breadcrumb\",\"itemListElement\":[{\"@type\":\"ListItem\",\"position\":1,\"name\":\"Accueil\",\"item\":\"https:\\\/\\\/bacasable1.webanalyste.com\\\/\"},{\"@type\":\"ListItem\",\"position\":2,\"name\":\"test\"}]},{\"@type\":\"WebSite\",\"@id\":\"https:\\\/\\\/bacasable1.webanalyste.com\\\/#website\",\"url\":\"https:\\\/\\\/bacasable1.webanalyste.com\\\/\",\"name\":\"webAnalyste&#039;s training\",\"description\":\"Analytics playground\",\"potentialAction\":[{\"@type\":\"SearchAction\",\"target\":{\"@type\":\"EntryPoint\",\"urlTemplate\":\"https:\\\/\\\/bacasable1.webanalyste.com\\\/?s={search_term_string}\"},\"query-input\":{\"@type\":\"PropertyValueSpecification\",\"valueRequired\":true,\"valueName\":\"search_term_string\"}}],\"inLanguage\":\"fr-FR\"}]}<\/script>\n<!-- \/ Yoast SEO plugin. -->","yoast_head_json":{"title":"test","robots":{"index":"noindex","follow":"follow","max-snippet":"max-snippet:-1","max-image-preview":"max-image-preview:large","max-video-preview":"max-video-preview:-1"},"og_locale":"fr_FR","og_type":"article","og_title":"[:en]Auto Draft[:fr]test[:] - webAnalyste&#039;s training","og_url":"https:\/\/bacasable1.webanalyste.com\/fr\/test\/","og_site_name":"webAnalyste&#039;s training","article_modified_time":"2026-03-31T01:04:32+00:00","twitter_card":"summary_large_image","twitter_misc":{"Dur\u00e9e de lecture estim\u00e9e":"1 minute"},"schema":{"@context":"https:\/\/schema.org","@graph":[{"@type":"WebPage","@id":"https:\/\/bacasable1.webanalyste.com\/fr\/test\/","url":"https:\/\/bacasable1.webanalyste.com\/fr\/test\/","name":"test","isPartOf":{"@id":"https:\/\/bacasable1.webanalyste.com\/#website"},"datePublished":"2026-03-16T14:52:15+00:00","dateModified":"2026-03-31T01:04:32+00:00","breadcrumb":{"@id":"https:\/\/bacasable1.webanalyste.com\/fr\/test\/#breadcrumb"},"inLanguage":"fr-FR","potentialAction":[{"@type":"ReadAction","target":["https:\/\/bacasable1.webanalyste.com\/fr\/test\/"]}]},{"@type":"BreadcrumbList","@id":"https:\/\/bacasable1.webanalyste.com\/fr\/test\/#breadcrumb","itemListElement":[{"@type":"ListItem","position":1,"name":"Accueil","item":"https:\/\/bacasable1.webanalyste.com\/"},{"@type":"ListItem","position":2,"name":"test"}]},{"@type":"WebSite","@id":"https:\/\/bacasable1.webanalyste.com\/#website","url":"https:\/\/bacasable1.webanalyste.com\/","name":"webAnalyste&#039;s training","description":"Analytics playground","potentialAction":[{"@type":"SearchAction","target":{"@type":"EntryPoint","urlTemplate":"https:\/\/bacasable1.webanalyste.com\/?s={search_term_string}"},"query-input":{"@type":"PropertyValueSpecification","valueRequired":true,"valueName":"search_term_string"}}],"inLanguage":"fr-FR"}]}},"_links":{"self":[{"href":"https:\/\/bacasable1.webanalyste.com\/fr\/wp-json\/wp\/v2\/pages\/27572","targetHints":{"allow":["GET"]}}],"collection":[{"href":"https:\/\/bacasable1.webanalyste.com\/fr\/wp-json\/wp\/v2\/pages"}],"about":[{"href":"https:\/\/bacasable1.webanalyste.com\/fr\/wp-json\/wp\/v2\/types\/page"}],"author":[{"embeddable":true,"href":"https:\/\/bacasable1.webanalyste.com\/fr\/wp-json\/wp\/v2\/users\/1"}],"replies":[{"embeddable":true,"href":"https:\/\/bacasable1.webanalyste.com\/fr\/wp-json\/wp\/v2\/comments?post=27572"}],"version-history":[{"count":7,"href":"https:\/\/bacasable1.webanalyste.com\/fr\/wp-json\/wp\/v2\/pages\/27572\/revisions"}],"predecessor-version":[{"id":27602,"href":"https:\/\/bacasable1.webanalyste.com\/fr\/wp-json\/wp\/v2\/pages\/27572\/revisions\/27602"}],"wp:attachment":[{"href":"https:\/\/bacasable1.webanalyste.com\/fr\/wp-json\/wp\/v2\/media?parent=27572"}],"curies":[{"name":"wp","href":"https:\/\/api.w.org\/{rel}","templated":true}]}}